{"id":80,"date":"2020-02-08T13:37:49","date_gmt":"2020-02-08T13:37:49","guid":{"rendered":"http:\/\/test.wagner-back.de\/?page_id=80"},"modified":"2024-02-20T18:02:57","modified_gmt":"2024-02-20T17:02:57","slug":"das-hotel","status":"publish","type":"page","link":"https:\/\/bad-hiddenserborn.de\/?page_id=80","title":{"rendered":"Das Hotel"},"content":{"rendered":"<div id=\"modal-ready\"><p>Was gibt es bequemeres, als nach einem rauschenden Fest nicht mehr fahren zu m\u00fcssen?<\/p>\n<p>Unser Hotel bietet Ihnen <strong>f\u00fcnf Doppel- sowie zwei Einzelzimmer<\/strong>.<\/p>\n<p>Gerne werden diese auch in der Messezeit als Unterkunft nahe des Messezentrums Hannover genutzt.<\/p>\n<p>Hier k\u00f6nnen Sie die Stille des nahen Schaumburger Waldes richtig genie\u00dfen &#8211; fernab von dem Trubel und der Hektik einer Gro\u00dfstadt.<\/p>\n<p>Zimmerpereise ab <strong>01.04.2024:<\/strong><\/p>\n<p style=\"text-align: left;\"><strong>\u00a0\u00a0\u00a0\u00a0\u00a0\u00a0\u00a0\u00a0\u00a0 \u00a0 \u00a0 \u00a0 \u00a0 \u00a0 \u00a0 \u00a0 \u00a0 \u00a0 \u00a0 \u00a0 \u00a0 \u00a0 \u00a0\u00a0 <\/strong>Einzelzimmer\u00a0 \u00a0 \u00a0 \u00a0 \u00a0 \u00a0 \u00a0 \u00a0\u00a0\u00a0 <strong>\u20ac 56,-<br \/>\n<\/strong><\/p>\n<p style=\"text-align: left;\"><strong>\u00a0\u00a0\u00a0\u00a0\u00a0\u00a0\u00a0\u00a0\u00a0\u00a0\u00a0\u00a0\u00a0\u00a0\u00a0\u00a0\u00a0\u00a0\u00a0\u00a0\u00a0\u00a0\u00a0\u00a0\u00a0\u00a0\u00a0\u00a0\u00a0\u00a0\u00a0\u00a0\u00a0\u00a0\u00a0\u00a0 \u00a0 <\/strong>Doppelzimmer \u00a0 \u00a0 \u00a0 \u00a0 \u00a0 \u00a0 \u00a0\u00a0 <strong>\u20ac 96,-<\/strong><\/p>\n<p style=\"text-align: left;\"><strong>\u00a0\u00a0\u00a0\u00a0\u00a0\u00a0\u00a0\u00a0\u00a0\u00a0\u00a0\u00a0\u00a0\u00a0\u00a0\u00a0\u00a0\u00a0\u00a0\u00a0\u00a0\u00a0\u00a0\u00a0\u00a0\u00a0\u00a0\u00a0\u00a0\u00a0\u00a0\u00a0 \u00a0\u00a0<\/strong> \u00a0 \u00a0 Fr\u00fchst\u00fcck pro Person \u00a0 <strong>\u20ac 9,50<br \/>\n<\/strong><\/p>\n<p>&nbsp;<\/p>\n<p style=\"text-align: center;\">Unsere Zimmer laden zum \u00dcbernachten ein.<\/p>\n<p class=\"style68\"><span class=\"style75\"> <img loading=\"lazy\" class=\"aligncenter\" src=\"http:\/\/www.bad-hiddenserborn.de\/CCI15052008_00017.jpg\" width=\"448\" height=\"400\" border=\"0\" \/><\/span><\/p>\n<p class=\"style68\"><img loading=\"lazy\" class=\"aligncenter\" src=\"http:\/\/www.bad-hiddenserborn.de\/CCI15052008_00016.jpg\" width=\"448\" height=\"379\" border=\"0\" \/><\/p>\n<p>&nbsp;<\/p>\n<p class=\"style68\"><img loading=\"lazy\" class=\"aligncenter\" src=\"http:\/\/www.bad-hiddenserborn.de\/CCI15052008_00015.jpg\" width=\"448\" height=\"349\" border=\"0\" \/><\/p>\n<p>&nbsp;<\/p>\n<p>&nbsp;<\/p>\n<p>&nbsp;<\/p>\n<p><span class=\"style68\"> <span class=\"style75\"> <span style=\"font-size: large;\">W\u00e4hrend Sie sich entspannen, <\/span><\/span><\/span><span style=\"font-size: large;\">k\u00f6nnen Sie auf dem angrenzenden Mittellandkanal die Schiffe &#8222;vorbeituckern&#8220; sehen.<\/span><\/p>\n<p><b><span style=\"font-size: large;\">&#8211; Wir haben \u00fcbrigens einen eigenen Schiffsanleger.\u00a0 <\/span><\/b><span style=\"font-size: large;\">Von hier aus k\u00f6nnen Sie &#8211; nach Voranmeldung &#8211; Tagesfahrten mit Schiffen der\u00a0<\/span><span style=\"color: #006600; font-size: large;\"> <a class=\"style75\" href=\"http:\/\/www.mifa.com\" target=\"_blank\" rel=\"noopener noreferrer\">Mindener Fahrgastschifffahrt\u00a0<\/a> <\/span><span class=\"style75\"><span style=\"font-size: large;\">unternehmen.<\/span><\/span><\/p>\n<p><img loading=\"lazy\" class=\"aligncenter\" src=\"http:\/\/www.bad-hiddenserborn.de\/CCI16042008_00003.jpg\" width=\"448\" height=\"293\" border=\"0\" \/><\/p>\n<p class=\"style68\"><img loading=\"lazy\" class=\"aligncenter\" src=\"http:\/\/www.bad-hiddenserborn.de\/CCI15052008_00018.jpg\" width=\"448\" height=\"294\" border=\"0\" \/><\/p>\n<p>&nbsp;<\/p>\n<\/div>","protected":false},"excerpt":{"rendered":"<p>Was gibt es bequemeres, als nach einem rauschenden Fest nicht mehr fahren zu m\u00fcssen? Unser Hotel bietet Ihnen f\u00fcnf Doppel- sowie zwei Einzelzimmer. Gerne werden diese auch in der Messezeit als Unterkunft nahe des Messezentrums Hannover genutzt. Hier k\u00f6nnen Sie<\/p>\n","protected":false},"author":1,"featured_media":0,"parent":0,"menu_order":0,"comment_status":"closed","ping_status":"closed","template":"","meta":[],"_links":{"self":[{"href":"https:\/\/bad-hiddenserborn.de\/index.php?rest_route=\/wp\/v2\/pages\/80"}],"collection":[{"href":"https:\/\/bad-hiddenserborn.de\/index.php?rest_route=\/wp\/v2\/pages"}],"about":[{"href":"https:\/\/bad-hiddenserborn.de\/index.php?rest_route=\/wp\/v2\/types\/page"}],"author":[{"embeddable":true,"href":"https:\/\/bad-hiddenserborn.de\/index.php?rest_route=\/wp\/v2\/users\/1"}],"replies":[{"embeddable":true,"href":"https:\/\/bad-hiddenserborn.de\/index.php?rest_route=%2Fwp%2Fv2%2Fcomments&post=80"}],"version-history":[{"count":11,"href":"https:\/\/bad-hiddenserborn.de\/index.php?rest_route=\/wp\/v2\/pages\/80\/revisions"}],"predecessor-version":[{"id":604,"href":"https:\/\/bad-hiddenserborn.de\/index.php?rest_route=\/wp\/v2\/pages\/80\/revisions\/604"}],"wp:attachment":[{"href":"https:\/\/bad-hiddenserborn.de\/index.php?rest_route=%2Fwp%2Fv2%2Fmedia&parent=80"}],"curies":[{"name":"wp","href":"https:\/\/api.w.org\/{rel}","templated":true}]}}