{"id":76,"date":"2020-02-08T13:34:15","date_gmt":"2020-02-08T13:34:15","guid":{"rendered":"http:\/\/test.wagner-back.de\/?page_id=76"},"modified":"2026-04-01T17:44:06","modified_gmt":"2026-04-01T16:44:06","slug":"startseite","status":"publish","type":"page","link":"https:\/\/bad-hiddenserborn.de\/","title":{"rendered":"Home"},"content":{"rendered":"<div id=\"modal-ready\"><p><img loading=\"lazy\" class=\" wp-image-255 aligncenter\" src=\"http:\/\/s816738417.online.de\/wp-content\/uploads\/2020\/03\/startseite-1024x699.jpg\" alt=\"\" width=\"442\" height=\"302\" srcset=\"https:\/\/bad-hiddenserborn.de\/wp-content\/uploads\/2020\/03\/startseite-1024x699.jpg 1024w, https:\/\/bad-hiddenserborn.de\/wp-content\/uploads\/2020\/03\/startseite-300x205.jpg 300w, https:\/\/bad-hiddenserborn.de\/wp-content\/uploads\/2020\/03\/startseite-768x524.jpg 768w, https:\/\/bad-hiddenserborn.de\/wp-content\/uploads\/2020\/03\/startseite.jpg 1248w\" sizes=\"(max-width: 442px) 100vw, 442px\" \/><\/p>\n<h3 style=\"text-align: center;\"><span style=\"color: #808000;\">Liebe G\u00e4ste!<\/span><\/h3>\n<h6>Wir begr\u00fc\u00dfen Sie im \u201cHotel Bad Hiddenserborn\u201d,\u00a0 dem Ausflugsziel im Schaumburger Land, direkt am Mittellandkanal.<\/h6>\n<h6>Bei uns erwartet Sie ein vielf\u00e4ltiges Angebot:<\/h6>\n<h6>Im Sommer k\u00f6nnen Sie in unserem Biergarten entspannen, die Kinder haben die M\u00f6glichkeit sich auf dem Spielplatz auszutoben oder in unserem kleinen Zoo die Tiere zu beobachten. Ist es drau\u00dfen zu kalt, bieten wir Ihnen in unserer gem\u00fctlichen Gaststube eine gro\u00dfe Auswahl an Speisen und Getr\u00e4nken.<\/h6>\n<h6>Planen Sie eine Feier, k\u00f6nnen wir Ihnen verschiedene R\u00e4ume zur Verf\u00fcgung stellen.<\/h6>\n<ul>\n<li>\n<h6>Veranda mit Blick auf den <a href=\"https:\/\/bad-hiddenserborn.de\/?page_id=84\">Biergarten<\/a> (bis 20 Personen)<\/h6>\n<\/li>\n<li>\n<h6><a href=\"https:\/\/bad-hiddenserborn.de\/?page_id=82\">Restaurant<\/a> mit gem\u00fctlicher Atmosph\u00e4re (bis 50 Personen)<\/h6>\n<\/li>\n<li>\n<h6><a href=\"https:\/\/bad-hiddenserborn.de\/?page_id=93\">Saal <\/a>f\u00fcr gro\u00dfe festliche Anl\u00e4sse (bis 180 Personen)<\/h6>\n<\/li>\n<li>\n<h6><a href=\"https:\/\/bad-hiddenserborn.de\/?page_id=95\">Festzelt<\/a>\u00a0 &#8211; die besondere Art zu feiern &#8211; (bis 400 Personen) kann als Location angemietet werden<\/h6>\n<\/li>\n<\/ul>\n<h6><span style=\"color: #ff0000;\">Unsere neue Speisekarte finden Sie hier : \u00a0\u00a0 \u00a0\u00a0<a href=\"https:\/\/bad-hiddenserborn.de\/wp-content\/uploads\/2026\/04\/Speisen-Fruehjahr-2026.pdf\" class=\"mtli_attachment mtli_pdf\" data-mtli=\"mtli_filesize378,27kB\">Speisen Fr\u00fchjahr 2026<\/a><\/span><\/h6>\n<h3><img loading=\"lazy\" class=\" wp-image-687 aligncenter\" src=\"https:\/\/bad-hiddenserborn.de\/wp-content\/uploads\/2026\/03\/Ostern-2026-218x300.jpg\" alt=\"\" width=\"385\" height=\"530\" srcset=\"https:\/\/bad-hiddenserborn.de\/wp-content\/uploads\/2026\/03\/Ostern-2026-218x300.jpg 218w, https:\/\/bad-hiddenserborn.de\/wp-content\/uploads\/2026\/03\/Ostern-2026.jpg 597w\" sizes=\"(max-width: 385px) 100vw, 385px\" \/><\/h3>\n<h3><\/h3>\n<p>&nbsp;<\/p>\n<h2><\/h2>\n<\/div><style type=\"text\/css\">a[data-mtli~=\"mtli_filesize378,27kB\"]:after {content:\" (378,27 kB)\"}<\/style>","protected":false},"excerpt":{"rendered":"<p>Liebe G\u00e4ste! Wir begr\u00fc\u00dfen Sie im \u201cHotel Bad Hiddenserborn\u201d,\u00a0 dem Ausflugsziel im Schaumburger Land, direkt am Mittellandkanal. Bei uns erwartet Sie ein vielf\u00e4ltiges Angebot: Im Sommer k\u00f6nnen Sie in unserem Biergarten entspannen, die Kinder haben die M\u00f6glichkeit sich auf dem<\/p>\n","protected":false},"author":1,"featured_media":0,"parent":0,"menu_order":0,"comment_status":"closed","ping_status":"closed","template":"","meta":[],"_links":{"self":[{"href":"https:\/\/bad-hiddenserborn.de\/index.php?rest_route=\/wp\/v2\/pages\/76"}],"collection":[{"href":"https:\/\/bad-hiddenserborn.de\/index.php?rest_route=\/wp\/v2\/pages"}],"about":[{"href":"https:\/\/bad-hiddenserborn.de\/index.php?rest_route=\/wp\/v2\/types\/page"}],"author":[{"embeddable":true,"href":"https:\/\/bad-hiddenserborn.de\/index.php?rest_route=\/wp\/v2\/users\/1"}],"replies":[{"embeddable":true,"href":"https:\/\/bad-hiddenserborn.de\/index.php?rest_route=%2Fwp%2Fv2%2Fcomments&post=76"}],"version-history":[{"count":154,"href":"https:\/\/bad-hiddenserborn.de\/index.php?rest_route=\/wp\/v2\/pages\/76\/revisions"}],"predecessor-version":[{"id":692,"href":"https:\/\/bad-hiddenserborn.de\/index.php?rest_route=\/wp\/v2\/pages\/76\/revisions\/692"}],"wp:attachment":[{"href":"https:\/\/bad-hiddenserborn.de\/index.php?rest_route=%2Fwp%2Fv2%2Fmedia&parent=76"}],"curies":[{"name":"wp","href":"https:\/\/api.w.org\/{rel}","templated":true}]}}