{"id":31,"date":"2020-02-08T11:45:08","date_gmt":"2020-02-08T11:45:08","guid":{"rendered":"http:\/\/test.wagner-back.de\/?page_id=31"},"modified":"2020-04-13T09:38:36","modified_gmt":"2020-04-13T08:38:36","slug":"stellenangebote","status":"publish","type":"page","link":"https:\/\/bad-hiddenserborn.de\/?page_id=31","title":{"rendered":"Stellenangebote"},"content":{"rendered":"<div id=\"modal-ready\"><h2>Zeit f\u00fcr einen Neuanfang!<\/h2>\n<p>Sie sind auf der Suche nach einer interessanten neuen Arbeitsstelle? Dann haben wir vielleicht genau das, was Sie suchen!<\/p>\n<p>&nbsp;<\/p>\n<p><strong>Zu Verst\u00e4rkung unseres Teams suchen wir zum n\u00e4chstm\u00f6glichen Zeitpunkt:<\/strong><\/p>\n<ul>\n<li class=\"style39\"><strong>Hausmeister \/ G\u00e4rtner auf 450.- \u20ac Basis (m\/w\/d)<\/strong><\/li>\n<li class=\"style39\"><strong>Aushilfen im Servicebereich (m\/w\/d)<br \/>\n<\/strong><\/li>\n<li class=\"style39\"><strong> Sp\u00fclhilfe auf 450,- \u20ac Basis (m\/w\/d)<\/strong><\/li>\n<\/ul>\n<p>&nbsp;<\/p>\n<p class=\"style1\"><span class=\"ms-SPLink\">Bei Interesse melden Sie sich bitte telefonisch bei Herrn Carsten Homeier. <\/span><\/p>\n<p class=\"style1\">Rufnummer: 05721 &#8211; 4888 oder p. E-Mail an <a href=\"https:\/\/bad-hiddenserborn.de\/?page_id=190\">info[at]bad-hiddenserborn.de<\/a><\/p>\n<\/div>","protected":false},"excerpt":{"rendered":"<p>Zeit f\u00fcr einen Neuanfang! Sie sind auf der Suche nach einer interessanten neuen Arbeitsstelle? Dann haben wir vielleicht genau das, was Sie suchen! &nbsp; Zu Verst\u00e4rkung unseres Teams suchen wir zum n\u00e4chstm\u00f6glichen Zeitpunkt: Hausmeister \/ G\u00e4rtner auf 450.- \u20ac Basis<\/p>\n","protected":false},"author":1,"featured_media":0,"parent":0,"menu_order":0,"comment_status":"closed","ping_status":"closed","template":"","meta":[],"_links":{"self":[{"href":"https:\/\/bad-hiddenserborn.de\/index.php?rest_route=\/wp\/v2\/pages\/31"}],"collection":[{"href":"https:\/\/bad-hiddenserborn.de\/index.php?rest_route=\/wp\/v2\/pages"}],"about":[{"href":"https:\/\/bad-hiddenserborn.de\/index.php?rest_route=\/wp\/v2\/types\/page"}],"author":[{"embeddable":true,"href":"https:\/\/bad-hiddenserborn.de\/index.php?rest_route=\/wp\/v2\/users\/1"}],"replies":[{"embeddable":true,"href":"https:\/\/bad-hiddenserborn.de\/index.php?rest_route=%2Fwp%2Fv2%2Fcomments&post=31"}],"version-history":[{"count":5,"href":"https:\/\/bad-hiddenserborn.de\/index.php?rest_route=\/wp\/v2\/pages\/31\/revisions"}],"predecessor-version":[{"id":395,"href":"https:\/\/bad-hiddenserborn.de\/index.php?rest_route=\/wp\/v2\/pages\/31\/revisions\/395"}],"wp:attachment":[{"href":"https:\/\/bad-hiddenserborn.de\/index.php?rest_route=%2Fwp%2Fv2%2Fmedia&parent=31"}],"curies":[{"name":"wp","href":"https:\/\/api.w.org\/{rel}","templated":true}]}}